{"id":157,"date":"2017-02-03T14:20:35","date_gmt":"2017-02-03T13:20:35","guid":{"rendered":"http:\/\/clementavocats.com\/?page_id=157"},"modified":"2023-04-19T16:38:15","modified_gmt":"2023-04-19T14:38:15","slug":"notre-positionnement-lab-ft","status":"publish","type":"page","link":"http:\/\/clementavocats.com\/index.php\/solene-clement-lab-ft\/notre-positionnement-lab-ft\/","title":{"rendered":"Pourquoi nous ?"},"content":{"rendered":"<h6 style=\"text-align: justify;\"><strong>+ Pour notre expertise<\/strong><\/h6>\n<p style=\"text-align: justify;\">Nous savons de quoi nous parlons. Nous avons d\u00e9velopp\u00e9 au fil des ann\u00e9es une expertise juridique et op\u00e9rationnelle de la lutte anti blanchiment et faisons \u00e9voluer nos connaissance au rythme l\u00e9gislatif et de la jurisprudence. Notre objectif, vous faciliter votre d\u00e9marche LAB-FT en rendant compr\u00e9hensible sa logique et son jargon. Lisez nos articles, vous constaterez.<\/p>\n<h6 style=\"text-align: justify;\"><strong>+ Pour notre r\u00e9activit\u00e9<\/strong><\/h6>\n<p style=\"text-align: justify;\">Vous accompagner, en temps r\u00e9el, selon le rythme de vos besoins, c&#8217;est notre mani\u00e8re de proc\u00e9der. Le business a ses exigences que la raison ne conna\u00eet pas, du moins pas enti\u00e8rement.<\/p>\n<h6 style=\"text-align: justify;\"><strong>+ Pour notre engagement \u00e0 vos c\u00f4t\u00e9s<\/strong><\/h6>\n<p style=\"text-align: justify;\">Nous repr\u00e9sentons nos clients et nous concevons la d\u00e9livrance de nos prestations juridiques comme une r\u00e9elle collaboration entre vous et nous. Nous sommes vos partenaires, \u00e0 vos c\u00f4t\u00e9s, dans votre int\u00e9r\u00eat sur toutes vos probl\u00e9matiques LAB-FT.<\/p>\n<h6 style=\"text-align: justify;\"><strong>+ Pour notre politique tarifaire transparente<\/strong><\/h6>\n<p style=\"text-align: justify;\">Nous proposons une tarification au temps pass\u00e9 ou au forfait, et nous parlons d&#8217;argent, simplement.<\/p>\n\n\n<p><\/p>\n","protected":false},"excerpt":{"rendered":"<p>+ Pour notre expertise Nous savons de quoi nous parlons. Nous avons d\u00e9velopp\u00e9 au fil des ann\u00e9es une expertise juridique et op\u00e9rationnelle de la lutte anti blanchiment et faisons \u00e9voluer nos connaissance au rythme l\u00e9gislatif et de la jurisprudence. Notre objectif, vous faciliter votre d\u00e9marche LAB-FT en rendant compr\u00e9hensible sa logique et son jargon. Lisez &hellip; <a href=\"http:\/\/clementavocats.com\/index.php\/solene-clement-lab-ft\/notre-positionnement-lab-ft\/\" class=\"more-link\">Continuer la lecture<span class=\"screen-reader-text\"> de &laquo;&nbsp;Pourquoi nous ?&nbsp;&raquo;<\/span><\/a><\/p>\n","protected":false},"author":1,"featured_media":0,"parent":156,"menu_order":0,"comment_status":"closed","ping_status":"closed","template":"","meta":{"_mi_skip_tracking":false,"footnotes":""},"_links":{"self":[{"href":"http:\/\/clementavocats.com\/index.php\/wp-json\/wp\/v2\/pages\/157"}],"collection":[{"href":"http:\/\/clementavocats.com\/index.php\/wp-json\/wp\/v2\/pages"}],"about":[{"href":"http:\/\/clementavocats.com\/index.php\/wp-json\/wp\/v2\/types\/page"}],"author":[{"embeddable":true,"href":"http:\/\/clementavocats.com\/index.php\/wp-json\/wp\/v2\/users\/1"}],"replies":[{"embeddable":true,"href":"http:\/\/clementavocats.com\/index.php\/wp-json\/wp\/v2\/comments?post=157"}],"version-history":[{"count":17,"href":"http:\/\/clementavocats.com\/index.php\/wp-json\/wp\/v2\/pages\/157\/revisions"}],"predecessor-version":[{"id":915,"href":"http:\/\/clementavocats.com\/index.php\/wp-json\/wp\/v2\/pages\/157\/revisions\/915"}],"up":[{"embeddable":true,"href":"http:\/\/clementavocats.com\/index.php\/wp-json\/wp\/v2\/pages\/156"}],"wp:attachment":[{"href":"http:\/\/clementavocats.com\/index.php\/wp-json\/wp\/v2\/media?parent=157"}],"curies":[{"name":"wp","href":"https:\/\/api.w.org\/{rel}","templated":true}]}}