{"id":158,"date":"2017-02-03T14:20:35","date_gmt":"2017-02-03T13:20:35","guid":{"rendered":"http:\/\/clementavocats.com\/?page_id=158"},"modified":"2024-05-30T18:19:25","modified_gmt":"2024-05-30T16:19:25","slug":"nos-publications-lab-ft","status":"publish","type":"page","link":"http:\/\/clementavocats.com\/index.php\/nos-publications-lab-ft\/","title":{"rendered":"Publications scientifiques &amp; presse g\u00e9n\u00e9raliste"},"content":{"rendered":"<h3><span style=\"color: #993300;\">PUBLICATION SCIENTIFIQUES<\/span><\/h3>\n<div>\n<p><em style=\"font-weight: 400;\"><strong style=\"font-weight: bold;\">\u25a0 \u00a0<\/strong>The more the merrier<\/em>\u00a0: la Cour de cassation consacre les liens entre respect de la r\u00e8glementation LCB-FT et concurrence\u00a0 d\u00e9loyale,\u00a0Revue internationale de la <i>compliance <\/i>et de l&#8217;\u00e9thique des affaires, LexisNexis, f\u00e9vrier 2024<\/p>\n<div><strong style=\"font-weight: bold;\">\u25a0 &#8220;<\/strong>Le Conseil d\u2019\u00c9tat annule les \u00ab Lignes directrices en mati\u00e8re de criblage \u00bb visant les ONG&#8221;, Revue internationale de la <i>compliance <\/i>et de l&#8217;\u00e9thique des affaires, LexisNexis, ao\u00fbt 2023<\/div>\n<p><strong>\u25a0 <\/strong>L&#8217;ACPR, l&#8217;IA et le contr\u00f4le LCB-FT : la premi\u00e8re sanction, Revue internationale de la <i>compliance <\/i>et de l&#8217;\u00e9thique des affaires, LexisNexis, f\u00e9vrier 2023<\/p>\n<p><span style=\"color: #000000;\">\u25a0\u00a0<\/span>Direction et contributions \u00e0 l&#8217;ouvrage &#8220;Etat des lieux et perspectives de la lutte contre le blanchiment d&#8217;argent\u00e9e et le financement du terrorisme&#8221;<\/p>\n<p>Commander le livre <a href=\"https:\/\/www.librairiedalloz.fr\/livre\/9782247212262-etat-des-lieux-et-perspectives-de-la-lutte-contre-le-blanchiment-de-capitaux-et-contre-le-financement-du-terrorisme-solene-borlant-clement-collectif\/\">ici <\/a>\/ Article des Affiches parisiennes <a href=\"https:\/\/www.affiches-parisiennes.com\/etat-des-lieux-et-perspectives-de-la-lutte-contre-le-blanchimentde-capitaux-et-le-financement-du-terrorisme-sous-la-direction-de-solene-borlant-clement-90995.html\">ici<\/a><\/p>\n<p><a href=\"http:\/\/clementavocats.com\/wp-content\/uploads\/2022\/03\/IMG_2809.jpg\"><img loading=\"lazy\" decoding=\"async\" class=\"size-medium wp-image-887 aligncenter\" src=\"http:\/\/clementavocats.com\/wp-content\/uploads\/2022\/03\/IMG_2809-300x205.jpg\" alt=\"\" width=\"300\" height=\"205\" srcset=\"http:\/\/clementavocats.com\/wp-content\/uploads\/2022\/03\/IMG_2809-300x205.jpg 300w, http:\/\/clementavocats.com\/wp-content\/uploads\/2022\/03\/IMG_2809-1024x699.jpg 1024w, http:\/\/clementavocats.com\/wp-content\/uploads\/2022\/03\/IMG_2809-768x524.jpg 768w, http:\/\/clementavocats.com\/wp-content\/uploads\/2022\/03\/IMG_2809.jpg 1099w\" sizes=\"(max-width: 300px) 85vw, 300px\" \/><\/a><\/p>\n<p><span style=\"color: #000000;\">\u25a0 &#8220;La conformit\u00e9 anti-blanchiment face aux crypto-actifs&#8221; avec la Professeure Juliette Lelieur, Revue de science criminelle et de droit p\u00e9nal compar\u00e9, janvier &#8211; mars 2021 <a href=\"https:\/\/www.dalloz.fr\">Dalloz<\/a><\/span><\/p>\n<p><span style=\"color: #000000;\">\u25a0 Principe d\u2019impartialit\u00e9 et Commission nationale des sanctions, AJ PENAL 5\/2017<\/span><\/p>\n<p><span style=\"color: #000000;\">\u25a0 Le Parquet europ\u00e9en : un projet en phase d\u2019aboutissement ?,\u00a0AJ PENAL 12\/2016<\/span><\/p>\n<p><span style=\"color: #000000;\">\u25a0 L\u2019\u00e9chec de la CNS \u00e0\u00a0 lutter efficacement contre le blanchiment de capitaux et le financement de terrorisme?,\u00a0AJ PENAL 04\/2016<\/span><\/p>\n<p><span style=\"color: #000000;\">\u25a0 Corruption d\u2019agent public \u00e9tranger et responsabilit\u00e9 p\u00e9nale de la personne morale : l\u2019acte manqu\u00e9 de la Cour d\u2019appel de Paris,\u00a0AJ PENAL 05\/2015<\/span><\/p>\n<p><span style=\"color: #000000;\">\u25a0 Raisons imp\u00e9rieuses de s\u00e9curit\u00e9 publique, infractions p\u00e9nales et d\u00e9cision d\u2019\u00e9loignement,\u00a0AJ PENAL 09\/2012<\/span><\/p>\n<h3><span style=\"color: #993300;\">PRESSE GENERALISTE<\/span><\/h3>\n<p><em style=\"font-weight: 400;\"><strong style=\"font-weight: bold;\">\u25a0 <\/strong><\/em><a href=\"https:\/\/www.bsmart.fr\/video\/24530-art-et-marche-31-mai-2024\">Lutte anti-blanchiment : Le r\u00f4le des professionnels<\/a>, interview pour B-Smart, 31 mai 2024<\/p>\n<p class=\"fig-headline fig-pagination__hidden\"><em style=\"font-weight: 400;\"><strong style=\"font-weight: bold;\">\u25a0<\/strong><\/em><a href=\"https:\/\/www.lefigaro.fr\/conjoncture\/le-hamas-s-est-il-finance-grace-aux-cryptomonnaies-20231017\">Le Hamas s&#8217;est-il financ\u00e9 gr\u00e2ce aux cryptomonnaies ?<\/a>, interview pour le Figaro, 17 octobre 2023<\/p>\n<p class=\"heading-h1 peer\"><em style=\"font-weight: 400;\"><strong style=\"font-weight: bold;\">\u25a0 <\/strong><\/em><a href=\"https:\/\/www.publicsenat.fr\/actualites\/international\/financement-du-terrorisme-le-hamas-est-il-soutenu-par-des-dons-de-cryptomonnaies#:~:text=Selon%20le%20Wall%20Street%20Journal,de%20la%20r\u00e9gulation%20du%20secteur.\">Financement du terrorisme : le Hamas est-il soutenu par des dons de cryptomonnaies ?<\/a>, interview pour Public S\u00e9nat, 13 octobre 2023<\/p>\n<p class=\"TypologyArticle__BlockTitleHeadline-sc-1vro4tp-7 joNfAl\"><em style=\"font-weight: 400;\"><strong style=\"font-weight: bold;\">\u25a0 <\/strong><\/em><a href=\"https:\/\/www.liberation.fr\/economie\/registre-des-beneficiaires-effectifs-de-societe-la-seule-chose-attendue-aujourdhui-est-une-decision-politique-20230110_Y2INSQGUYRAZZBPDJEXYFZOYOM\/\">Registre des b\u00e9n\u00e9ficiaires effectifs de soci\u00e9t\u00e9 : \u00abLa seule chose attendue aujourd\u2019hui est une d\u00e9cision politique\u00bb<\/a>, interview pour Lib\u00e9ration, 10 janvier 2023<\/p>\n<p>&#8220;<em>Le registre qui permet de conna\u00eetre l\u2019identit\u00e9 du propri\u00e9taire d\u2019une soci\u00e9t\u00e9 a \u00e9t\u00e9 suspendu quelques jours. Mais l\u2019avocate et pr\u00e9sidente de l\u2019Observatoire de lutte antiblanchiment, Sol\u00e8ne Cl\u00e9ment, n\u2019y voit pas forc\u00e9ment la mise en place d\u2019une barri\u00e8re \u00e0 l\u2019acc\u00e8s pour la presse et les ONG<\/em>.&#8221;<\/p>\n<\/div>\n<p class=\"TypologyArticle__BlockTitleHeadline-sc-1vro4tp-7 joNfAl\"><strong><span style=\"color: #000000;\">\u25a0 &#8220;<\/span><\/strong>Arr\u00eat europ\u00e9en sur la fraude fiscale : \u00abretour en arri\u00e8re\u00bb ou \u00abvictoire majeure\u00bb ?&#8221;, Lib\u00e9ration, 25 novembre 2022,<a href=\"https:\/\/www.liberation.fr\/economie\/arret-europeen-sur-la-fraude-fiscale-retour-en-arriere-ou-victoire-majeure-20221125_72OXLMV2LJBCRDNTIFUVL6MJ44\/?redirected=1\"> ici<\/a><\/p>\n<p><span style=\"color: #000000;\">\u25a0 \u00a0Interview pour Public S\u00e9nat, 26 juin 2020,\u00a0<a href=\"https:\/\/www.publicsenat.fr\/article\/politique\/le-parquet-national-financier-accuse-d-instrumentalisation-politique-183434\">ici<\/a><\/span><\/p>\n<p><span style=\"color: #000000;\">\u25a0\u00a0<\/span>Interview pour LCI, 17 juin 2020, <a href=\"https:\/\/www.lci.fr\/population\/ours-tue-en-ariege-est-il-legal-de-la-part-de-sea-shepherd-d-offrir-30-000-euros-pour-retrouver-l-auteur-des-coups-de-feu-2156867.html\">ici<\/a><\/p>\n<p><span style=\"color: #000000;\">\u25a0\u00a0<\/span>Interview pour Compliances, n\u00b04, juin &#8211; ao\u00fbt 2019. Magazine en int\u00e9gralit\u00e9 <a href=\"http:\/\/www.compliances.fr\/le-magazine\">ici<\/a>. Extrait <a href=\"http:\/\/clementavocats.com\/wp-content\/uploads\/2019\/06\/compliances-solene-clement-presidente-de-l-observatoire-lab-ft-2019-06-20-1.jpg\">ici<\/a><\/p>\n<p><span style=\"color: #000000;\">\u25a0 Interview pour l&#8217;Agefi Actifs, &#8220;Lutte anti-blanchiment\u00a0: surveillance accrue&#8221;, 1er avril 2019, <a href=\"https:\/\/www.agefiactifs.com\/droit-et-fiscalite\/article\/une-surveillance-accrue-83418\">ici\u00a0<\/a><\/span><\/p>\n<p><span style=\"color: #000000;\">\u25a0 <\/span>Interview sur le bilan \u00a0TRACFIN 2018 ,\u00a0Agefi actifs, 19 mars 2019, <a href=\"https:\/\/www.agefiactifs.com\/videos\/videos\/note-une-augmentation-du-nombre-de-declarations-de-83287?fbclid=IwAR15T17_3g6M6ZQh-pFF7zDucbLy-ik6F8pq5iCQmyukWfZCSjwp3rzqZ9A\">ici<\/a><\/p>\n<p><span style=\"color: #000000;\">\u25a0 Interview sur La lutte contre le financement du terrorisme, France info TV, 28 avril 2018 :\u00a0<\/span><a href=\"https:\/\/youtu.be\/836kliBmSKc\">Retrouvez l&#8217;interview en int\u00e9gralit\u00e9 ici.<\/a><\/p>\n<p><span style=\"color: #000000;\"><a style=\"color: #000000;\" href=\"https:\/\/business.lesechos.fr\/directions-juridiques\/droit-des-affaires\/responsabilite-assurances\/030415773561-les-avocats-nouveaux-agents-de-la-lutte-anti-blanchiment-311275.php\">\u25a0 Les avocats, nouveaux agents de la lutte anti-blanchiment ? Les Echos, 29 juin et 3 juillet 2017<\/a><\/span><\/p>\n<p><span style=\"color: #000000;\">\u25a0\u00a0Lutte anti blanchiment obligatoire : les Professionnels de l\u2019art sont bel et bien\u00a0concern\u00e9s, Quotidien de l\u2019Art, 1er juin 2017<\/span><\/p>\n","protected":false},"excerpt":{"rendered":"<p>PUBLICATION SCIENTIFIQUES \u25a0 \u00a0The more the merrier\u00a0: la Cour de cassation consacre les liens entre respect de la r\u00e8glementation LCB-FT et concurrence\u00a0 d\u00e9loyale,\u00a0Revue internationale de la compliance et de l&#8217;\u00e9thique des affaires, LexisNexis, f\u00e9vrier 2024 \u25a0 &#8220;Le Conseil d\u2019\u00c9tat annule les \u00ab Lignes directrices en mati\u00e8re de criblage \u00bb visant les ONG&#8221;, Revue internationale de &hellip; <a href=\"http:\/\/clementavocats.com\/index.php\/nos-publications-lab-ft\/\" class=\"more-link\">Continuer la lecture<span class=\"screen-reader-text\"> de &laquo;&nbsp;Publications scientifiques &amp; presse g\u00e9n\u00e9raliste&nbsp;&raquo;<\/span><\/a><\/p>\n","protected":false},"author":1,"featured_media":0,"parent":0,"menu_order":0,"comment_status":"closed","ping_status":"closed","template":"","meta":{"_mi_skip_tracking":false,"footnotes":""},"_links":{"self":[{"href":"http:\/\/clementavocats.com\/index.php\/wp-json\/wp\/v2\/pages\/158"}],"collection":[{"href":"http:\/\/clementavocats.com\/index.php\/wp-json\/wp\/v2\/pages"}],"about":[{"href":"http:\/\/clementavocats.com\/index.php\/wp-json\/wp\/v2\/types\/page"}],"author":[{"embeddable":true,"href":"http:\/\/clementavocats.com\/index.php\/wp-json\/wp\/v2\/users\/1"}],"replies":[{"embeddable":true,"href":"http:\/\/clementavocats.com\/index.php\/wp-json\/wp\/v2\/comments?post=158"}],"version-history":[{"count":34,"href":"http:\/\/clementavocats.com\/index.php\/wp-json\/wp\/v2\/pages\/158\/revisions"}],"predecessor-version":[{"id":1006,"href":"http:\/\/clementavocats.com\/index.php\/wp-json\/wp\/v2\/pages\/158\/revisions\/1006"}],"wp:attachment":[{"href":"http:\/\/clementavocats.com\/index.php\/wp-json\/wp\/v2\/media?parent=158"}],"curies":[{"name":"wp","href":"https:\/\/api.w.org\/{rel}","templated":true}]}}