{"id":186,"date":"2017-02-03T18:10:48","date_gmt":"2017-02-03T17:10:48","guid":{"rendered":"http:\/\/clementavocats.com\/?page_id=186"},"modified":"2023-05-17T12:02:50","modified_gmt":"2023-05-17T10:02:50","slug":"notre-offre-de-service-lab-ft","status":"publish","type":"page","link":"http:\/\/clementavocats.com\/index.php\/nos-prestations\/notre-offre-de-service-lab-ft\/","title":{"rendered":"Votre mise en conformit\u00e9 LAB-FT"},"content":{"rendered":"<p>Se mettre en conformit\u00e9 requiert votre engagement ; laissez-nous vous aider \u00a0:<\/p>\n<p>\u2192 vous avez\u00a0une question LAB-FT \u00a0? Consultez-nous, prenez un ticket <a href=\"https:\/\/checkout.stripe.com\/c\/pay\/cs_live_a1KzIXP27M2HONnHSzykwOkwi0OJcXUk6OJQhEfBsum5h48gVBxUlbxFDU#fidkdWxOYHwnPyd1blppbHNgWjA0SzFKSUhBYjRAazJVVnNJTj0xUTFWTUtyf1ZKRkNqdVV9aHV1d05KfTxsRHNCNFZMQkdkU1BCUTdwf1BTfVBHZ2FLMnFASWxobTF9bFFiTGBnVmNId0FVNTVpU0l0d3JSUycpJ3VpbGtuQH11anZgYUxhJz8nMWJyMnE9PWxxNVZgNlF8YFBQJyknd2BjYHd3YHdKd2xibGsnPydtcXF1dj8qKmZpYGhga3Fkc2pmZHF2K2ZqaCpsa2FgfSt1bXUqa2p2KHV3YHZxZHFsamt2Kid4JSUl\">ici pour une r\u00e9ponse imm\u00e9diate<\/a><\/p>\n<p>\u2192 vous voulez \u00eatre en conformit\u00e9 tout en restant concentr\u00e9 sur votre coeur de m\u00e9tier ? choisissez nous,\u00a0on s&#8217;occupe de tout.<\/p>\n<p>\u2192 Le Code mon\u00e9taire et financier impose votre\u00a0formation LAB-FT<strong> &#8211;\u00a0<\/strong>c&#8217;est \u00e9crit <a href=\"https:\/\/www.legifrance.gouv.fr\/affichCodeArticle.do?cidTexte=LEGITEXT000006072026&amp;idArticle=LEGIARTI000020191314&amp;dateTexte=&amp;categorieLien=cid\">ici<\/a>&#8211; faites le avec nous. Pourquoi nous? <a href=\"http:\/\/clementavocats.com\/index.php\/solene-clement-lab-ft\/notre-positionnement-lab-ft\/\">r\u00e9ponse ici<\/a>.<\/p>\n<h4><\/h4>\n<h4><strong>+ NOUS CONSULTER<\/strong><\/h4>\n<p style=\"text-align: justify;\"><span style=\"color: #000000;\">Vous avez une question LAB-FT,\u00a0en principal ou en accessoire de votre activit\u00e9, nous consultons sur toutes vos probl\u00e9matiques LAB-FT.\u00a0<\/span><\/p>\n<p><strong>\u25b8 450 euros H.T. de l&#8217;heure ou \u00a0forfait<\/strong> \/ Consultez-nous <a href=\"http:\/\/clementavocats.com\/index.php\/contactez-nous-lab-ft\/\">ici<\/a><\/p>\n<h4><strong>+ VOTRE FORMATION : 7 heures<\/strong><\/h4>\n<p>Dispense de 7 heures de formation LAB-FT pour une conformit\u00e9 imm\u00e9diate \u00e0 votre obligation de formation.<\/p>\n<p>Objectifs de la formation : Ma\u00eetriser les concepts et le cadre r\u00e8glementaire LAB-FT \/ Application pratique.<\/p>\n<p><strong>\u25b8 De 900 euros \u00a0\u00e0 1100 euros T.T.C. par personne <\/strong>\/ Commandez votre formation <a href=\"http:\/\/clementavocats.com\/index.php\/contactez-nous-lab-ft\/\">ici<\/a><\/p>\n<p>Tarif d\u00e9gressif selon le nombre de personne.<\/p>\n<p>Afin de pr\u00e9server la qualit\u00e9 de la formation, les groupes sont limit\u00e9s \u00e0 20 personnes.<\/p>\n","protected":false},"excerpt":{"rendered":"<p>Se mettre en conformit\u00e9 requiert votre engagement ; laissez-nous vous aider \u00a0: \u2192 vous avez\u00a0une question LAB-FT \u00a0? Consultez-nous, prenez un ticket ici pour une r\u00e9ponse imm\u00e9diate \u2192 vous voulez \u00eatre en conformit\u00e9 tout en restant concentr\u00e9 sur votre coeur de m\u00e9tier ? choisissez nous,\u00a0on s&#8217;occupe de tout. \u2192 Le Code mon\u00e9taire et financier impose &hellip; <a href=\"http:\/\/clementavocats.com\/index.php\/nos-prestations\/notre-offre-de-service-lab-ft\/\" class=\"more-link\">Continuer la lecture<span class=\"screen-reader-text\"> de &laquo;&nbsp;Votre mise en conformit\u00e9 LAB-FT&nbsp;&raquo;<\/span><\/a><\/p>\n","protected":false},"author":1,"featured_media":0,"parent":760,"menu_order":0,"comment_status":"closed","ping_status":"closed","template":"","meta":{"_mi_skip_tracking":false,"footnotes":""},"_links":{"self":[{"href":"http:\/\/clementavocats.com\/index.php\/wp-json\/wp\/v2\/pages\/186"}],"collection":[{"href":"http:\/\/clementavocats.com\/index.php\/wp-json\/wp\/v2\/pages"}],"about":[{"href":"http:\/\/clementavocats.com\/index.php\/wp-json\/wp\/v2\/types\/page"}],"author":[{"embeddable":true,"href":"http:\/\/clementavocats.com\/index.php\/wp-json\/wp\/v2\/users\/1"}],"replies":[{"embeddable":true,"href":"http:\/\/clementavocats.com\/index.php\/wp-json\/wp\/v2\/comments?post=186"}],"version-history":[{"count":67,"href":"http:\/\/clementavocats.com\/index.php\/wp-json\/wp\/v2\/pages\/186\/revisions"}],"predecessor-version":[{"id":967,"href":"http:\/\/clementavocats.com\/index.php\/wp-json\/wp\/v2\/pages\/186\/revisions\/967"}],"up":[{"embeddable":true,"href":"http:\/\/clementavocats.com\/index.php\/wp-json\/wp\/v2\/pages\/760"}],"wp:attachment":[{"href":"http:\/\/clementavocats.com\/index.php\/wp-json\/wp\/v2\/media?parent=186"}],"curies":[{"name":"wp","href":"https:\/\/api.w.org\/{rel}","templated":true}]}}