{"id":829,"date":"2018-08-02T12:45:42","date_gmt":"2018-08-02T10:45:42","guid":{"rendered":"http:\/\/clementavocats.com\/?page_id=829"},"modified":"2018-08-02T12:45:42","modified_gmt":"2018-08-02T10:45:42","slug":"pack-conformite-lab-ft-clefs-en-main","status":"publish","type":"page","link":"http:\/\/clementavocats.com\/index.php\/pack-conformite-lab-ft-clefs-en-main\/","title":{"rendered":"&#8220;Pack Conformit\u00e9 LAB-FT clefs en main&#8221;"},"content":{"rendered":"<p>Le &#8220;Pack Conformit\u00e9 clefs en main&#8221; comprend :<\/p>\n<p>\u25b9 Elaboration de votre Cartographie des risques sur mesure<\/p>\n<p>\u25b9 Elaboration de vos Proc\u00e9dures personnalis\u00e9es<\/p>\n<p>Nous cr\u00e9ons vos solutions sur mesure et vous les transmettons cl\u00e9 en main.\u00a0Respect\u00e9es, solutions vous assurent une conformit\u00e9 \u00e0 vos obligations LAB-FT.<\/p>\n<p><strong>\u25b8 A partir de 3900 \u20ac H.T \/\u00a0<\/strong>Commandez votre Pack conformit\u00e9 <a href=\"http:\/\/clementavocats.com\/index.php\/contactez-nous-lab-ft\/\">ici<\/a>.<\/p>\n","protected":false},"excerpt":{"rendered":"<p>Le &#8220;Pack Conformit\u00e9 clefs en main&#8221; comprend : \u25b9 Elaboration de votre Cartographie des risques sur mesure \u25b9 Elaboration de vos Proc\u00e9dures personnalis\u00e9es Nous cr\u00e9ons vos solutions sur mesure et vous les transmettons cl\u00e9 en main.\u00a0Respect\u00e9es, solutions vous assurent une conformit\u00e9 \u00e0 vos obligations LAB-FT. \u25b8 A partir de 3900 \u20ac H.T \/\u00a0Commandez votre Pack &hellip; <a href=\"http:\/\/clementavocats.com\/index.php\/pack-conformite-lab-ft-clefs-en-main\/\" class=\"more-link\">Continuer la lecture<span class=\"screen-reader-text\"> de &laquo;&nbsp;&#8220;Pack Conformit\u00e9 LAB-FT clefs en main&#8221;&nbsp;&raquo;<\/span><\/a><\/p>\n","protected":false},"author":1,"featured_media":0,"parent":0,"menu_order":0,"comment_status":"closed","ping_status":"closed","template":"","meta":{"_mi_skip_tracking":false,"footnotes":""},"_links":{"self":[{"href":"http:\/\/clementavocats.com\/index.php\/wp-json\/wp\/v2\/pages\/829"}],"collection":[{"href":"http:\/\/clementavocats.com\/index.php\/wp-json\/wp\/v2\/pages"}],"about":[{"href":"http:\/\/clementavocats.com\/index.php\/wp-json\/wp\/v2\/types\/page"}],"author":[{"embeddable":true,"href":"http:\/\/clementavocats.com\/index.php\/wp-json\/wp\/v2\/users\/1"}],"replies":[{"embeddable":true,"href":"http:\/\/clementavocats.com\/index.php\/wp-json\/wp\/v2\/comments?post=829"}],"version-history":[{"count":1,"href":"http:\/\/clementavocats.com\/index.php\/wp-json\/wp\/v2\/pages\/829\/revisions"}],"predecessor-version":[{"id":830,"href":"http:\/\/clementavocats.com\/index.php\/wp-json\/wp\/v2\/pages\/829\/revisions\/830"}],"wp:attachment":[{"href":"http:\/\/clementavocats.com\/index.php\/wp-json\/wp\/v2\/media?parent=829"}],"curies":[{"name":"wp","href":"https:\/\/api.w.org\/{rel}","templated":true}]}}