{"id":1076,"date":"2025-01-16T13:18:34","date_gmt":"2025-01-16T12:18:34","guid":{"rendered":"https:\/\/clementavocats.com\/?page_id=1076"},"modified":"2025-01-16T13:30:01","modified_gmt":"2025-01-16T12:30:01","slug":"procedures-internes-bc-ft","status":"publish","type":"page","link":"https:\/\/clementavocats.com\/index.php\/procedures-internes-bc-ft\/","title":{"rendered":"Proc\u00e9dures internes BC-FT"},"content":{"rendered":"\n<p class=\"has-text-align-center\"><\/p>\n\n\n\n<h2 class=\"wp-block-heading has-text-align-center\"><strong>VOTRE OBLIGATION<\/strong><\/h2>\n\n\n\n<p class=\"has-text-align-center\"><strong>Le d\u00e9veloppement de proc\u00e9dures internes BC-FT est une obligation de la r\u00e8glementation LCB-FT<\/strong><\/p>\n\n\n\n<p>L\u2019article L561-32 du Code mon\u00e9taire et financier exige que :<\/p>\n\n\n\n<p>&#8220;<em>I. \u2013 Les personnes mentionn\u00e9es \u00e0 l&#8217;article L. 561-2 mettent en place une organisation et des proc\u00e9dures internes pour lutter contre le blanchiment des capitaux et le financement du terrorisme, tenant compte de l&#8217;\u00e9valuation des risques pr\u00e9vue \u00e0 l&#8217;article L. 561-4-1. En tenant compte du volume et de la nature de leur activit\u00e9 ainsi que des risques pr\u00e9sent\u00e9s par les relations d&#8217;affaires qu&#8217;elles \u00e9tablissent, elles d\u00e9terminent un profil de la relation d&#8217;affaires permettant d&#8217;exercer la vigilance constante pr\u00e9vue \u00e0 l&#8217;article L. 561-6<\/em>.&#8221;<\/p>\n\n\n\n<h2 class=\"wp-block-heading has-text-align-center\"><strong>NOTRE SOLUTION<\/strong><\/h2>\n\n\n\n<p>Nous proposons un accompagnement complet pour r\u00e9aliser ou revoir la cartographie des risques de nos clients selon l\u2019approche suivante :<\/p>\n\n\n\n<p>1.&nbsp;<strong>Analyse pr\u00e9liminaire<\/strong><\/p>\n\n\n\n<p>Nous recueillons les informations sur votre organisation, vos produits\/services, votre client\u00e8le et vos zones g\u00e9ographiques d\u2019activit\u00e9.<\/p>\n\n\n\n<p>Nous examinons les proc\u00e9dures existantes : politiques internes, process de vigilance, dispositifs de contr\u00f4le.<\/p>\n\n\n\n<p>2.&nbsp;<strong>Ateliers de travail et interviews<\/strong><\/p>\n\n\n\n<p>Nous organisons des&nbsp;<strong>sessions d\u2019\u00e9change<\/strong>&nbsp;avec les fonctions clefs afin de comprendre vos flux op\u00e9rationnels et vos potentiels points sensibles.<\/p>\n\n\n\n<p>Nous identification les facteurs de risque\u202f: client\u00e8le, canaux de distribution, partenaires, transactions inhabituelles, etc.<\/p>\n\n\n\n<p><strong>3. Elaboration des Proc\u00e9dures internes BC-FT<\/strong><\/p>\n\n\n\n<p>Une fois votre cartographie des risques r\u00e9alis\u00e9e, nous la pr\u00e9sentons et la transmettons au cours d\u2019un \u00e9change.<\/p>\n\n\n\n<p><a href=\"https:\/\/clementavocats.com\/index.php\/contactez-nous-lab-ft\/\">Lancer le d\u00e9veloppement des proc\u00e9dures internes BC-FT d\u00e8s maintenant<\/a><\/p>\n","protected":false},"excerpt":{"rendered":"<p>VOTRE OBLIGATION Le d\u00e9veloppement de proc\u00e9dures internes BC-FT est une obligation de la r\u00e8glementation LCB-FT L\u2019article L561-32 du Code mon\u00e9taire et financier exige que : &#8220;I. \u2013 Les personnes mentionn\u00e9es \u00e0 l&#8217;article L. 561-2 mettent en place une organisation et des proc\u00e9dures internes pour lutter contre le blanchiment des capitaux et le financement du terrorisme, &hellip; <a href=\"https:\/\/clementavocats.com\/index.php\/procedures-internes-bc-ft\/\" class=\"more-link\">Continuer la lecture<span class=\"screen-reader-text\"> de &laquo;&nbsp;Proc\u00e9dures internes BC-FT&nbsp;&raquo;<\/span><\/a><\/p>\n","protected":false},"author":1,"featured_media":0,"parent":0,"menu_order":0,"comment_status":"closed","ping_status":"closed","template":"","meta":{"_mi_skip_tracking":false,"footnotes":""},"_links":{"self":[{"href":"https:\/\/clementavocats.com\/index.php\/wp-json\/wp\/v2\/pages\/1076"}],"collection":[{"href":"https:\/\/clementavocats.com\/index.php\/wp-json\/wp\/v2\/pages"}],"about":[{"href":"https:\/\/clementavocats.com\/index.php\/wp-json\/wp\/v2\/types\/page"}],"author":[{"embeddable":true,"href":"https:\/\/clementavocats.com\/index.php\/wp-json\/wp\/v2\/users\/1"}],"replies":[{"embeddable":true,"href":"https:\/\/clementavocats.com\/index.php\/wp-json\/wp\/v2\/comments?post=1076"}],"version-history":[{"count":7,"href":"https:\/\/clementavocats.com\/index.php\/wp-json\/wp\/v2\/pages\/1076\/revisions"}],"predecessor-version":[{"id":1086,"href":"https:\/\/clementavocats.com\/index.php\/wp-json\/wp\/v2\/pages\/1076\/revisions\/1086"}],"wp:attachment":[{"href":"https:\/\/clementavocats.com\/index.php\/wp-json\/wp\/v2\/media?parent=1076"}],"curies":[{"name":"wp","href":"https:\/\/api.w.org\/{rel}","templated":true}]}}