{"id":497,"date":"2017-06-14T19:28:16","date_gmt":"2017-06-14T17:28:16","guid":{"rendered":"http:\/\/clementavocats.com\/?page_id=497"},"modified":"2025-01-16T15:08:18","modified_gmt":"2025-01-16T14:08:18","slug":"olab","status":"publish","type":"page","link":"https:\/\/clementavocats.com\/index.php\/accueil\/olab\/","title":{"rendered":"Observatoire de la lutte anti blanchiment &amp; contre le financement de terrorisme &#8220;OLAB&#8221;"},"content":{"rendered":"\n<p><\/p>\n\n\n<p style=\"text-align: center;\"><a href=\"http:\/\/clementavocats.com\/wp-content\/uploads\/2018\/08\/OLAB-LOGO-DEF-01.jpg\"><img loading=\"lazy\" decoding=\"async\" class=\"size-medium wp-image-842 aligncenter\" src=\"http:\/\/clementavocats.com\/wp-content\/uploads\/2018\/08\/OLAB-LOGO-DEF-01-256x300.jpg\" alt=\"\" width=\"256\" height=\"300\" srcset=\"https:\/\/clementavocats.com\/wp-content\/uploads\/2018\/08\/OLAB-LOGO-DEF-01-256x300.jpg 256w, https:\/\/clementavocats.com\/wp-content\/uploads\/2018\/08\/OLAB-LOGO-DEF-01-768x899.jpg 768w, https:\/\/clementavocats.com\/wp-content\/uploads\/2018\/08\/OLAB-LOGO-DEF-01-875x1024.jpg 875w, https:\/\/clementavocats.com\/wp-content\/uploads\/2018\/08\/OLAB-LOGO-DEF-01-1200x1405.jpg 1200w, https:\/\/clementavocats.com\/wp-content\/uploads\/2018\/08\/OLAB-LOGO-DEF-01.jpg 2018w\" sizes=\"(max-width: 256px) 85vw, 256px\" \/><\/a><\/p>\n<p>Laboratoire d\u2019id\u00e9es et plateforme d\u2019\u00e9change entre Professionnels de la Compliance LCB-FT, Sol\u00e8ne CLEMENT a fond\u00e9 et dirige l\u2019Observatoire de la Lutte Anti Blanchiment et contre le financement de terrorisme.<\/p>\n<p>Pour en savoir plus : www.olab-amlo.org<\/p>\n<p>Le prochain \u00e9v\u00e8nement se tiendra le mercredi 22 janvier 2025, de 9h \u00e0 12h30, \u00e0 l&#8217;auditorium de la Maison du Barreau (2 rue de Harlay, 75001 Paris) sur le th\u00e8me :<\/p>\n<p>&#8220;<em>Entre exigence normative et performance op\u00e9rationnelle : comment placer le curseur de l\u2019efficacit\u00e9 de la LCB-FT ?<\/em>&#8220;<\/p>\n<p>Cette conf\u00e9rence, organis\u00e9e par Transparency International France et OLAB rassemblera des experts issus du monde judiciaire, du renseignement financier, du secteur priv\u00e9 et du milieu acad\u00e9mique.<\/p>\n<p>Inscription : https:\/\/my.weezevent.com\/conference-commune-transparency-france-et-olab<\/p>\n\n\n<p><\/p>\n","protected":false},"excerpt":{"rendered":"<p>Laboratoire d\u2019id\u00e9es et plateforme d\u2019\u00e9change entre Professionnels de la Compliance LCB-FT, Sol\u00e8ne CLEMENT a fond\u00e9 et dirige l\u2019Observatoire de la Lutte Anti Blanchiment et contre le financement de terrorisme. Pour en savoir plus : www.olab-amlo.org Le prochain \u00e9v\u00e8nement se tiendra le mercredi 22 janvier 2025, de 9h \u00e0 12h30, \u00e0 l&#8217;auditorium de la Maison du &hellip; <a href=\"https:\/\/clementavocats.com\/index.php\/accueil\/olab\/\" class=\"more-link\">Continuer la lecture<span class=\"screen-reader-text\"> de &laquo;&nbsp;Observatoire de la lutte anti blanchiment &amp; contre le financement de terrorisme &#8220;OLAB&#8221;&nbsp;&raquo;<\/span><\/a><\/p>\n","protected":false},"author":1,"featured_media":0,"parent":9,"menu_order":4,"comment_status":"closed","ping_status":"closed","template":"","meta":{"_mi_skip_tracking":false,"footnotes":""},"_links":{"self":[{"href":"https:\/\/clementavocats.com\/index.php\/wp-json\/wp\/v2\/pages\/497"}],"collection":[{"href":"https:\/\/clementavocats.com\/index.php\/wp-json\/wp\/v2\/pages"}],"about":[{"href":"https:\/\/clementavocats.com\/index.php\/wp-json\/wp\/v2\/types\/page"}],"author":[{"embeddable":true,"href":"https:\/\/clementavocats.com\/index.php\/wp-json\/wp\/v2\/users\/1"}],"replies":[{"embeddable":true,"href":"https:\/\/clementavocats.com\/index.php\/wp-json\/wp\/v2\/comments?post=497"}],"version-history":[{"count":15,"href":"https:\/\/clementavocats.com\/index.php\/wp-json\/wp\/v2\/pages\/497\/revisions"}],"predecessor-version":[{"id":1119,"href":"https:\/\/clementavocats.com\/index.php\/wp-json\/wp\/v2\/pages\/497\/revisions\/1119"}],"up":[{"embeddable":true,"href":"https:\/\/clementavocats.com\/index.php\/wp-json\/wp\/v2\/pages\/9"}],"wp:attachment":[{"href":"https:\/\/clementavocats.com\/index.php\/wp-json\/wp\/v2\/media?parent=497"}],"curies":[{"name":"wp","href":"https:\/\/api.w.org\/{rel}","templated":true}]}}