{"id":581,"date":"2017-09-21T10:50:00","date_gmt":"2017-09-21T08:50:00","guid":{"rendered":"http:\/\/clementavocats.com\/?page_id=581"},"modified":"2025-01-16T13:43:17","modified_gmt":"2025-01-16T12:43:17","slug":"votre-defense-penale-et-administrative-lab-ft","status":"publish","type":"page","link":"https:\/\/clementavocats.com\/index.php\/nos-prestations\/votre-defense-penale-et-administrative-lab-ft\/","title":{"rendered":"Votre d\u00e9fense devant les Commissions de sanctions BC-FT"},"content":{"rendered":"<p>Votre entreprise a fait l&#8217;objet d&#8217;un contr\u00f4le sur le respect de la r\u00e8glementation LCB-FT, qui a entrain\u00e9 la notification de griefs, cela indique l&#8217;ouverture d&#8217;une proc\u00e9dure de sanction, durant laquelle \u00a0il est essentiel de faire valoir ses arguments.\u00a0<\/p>\n<p>Mettez toutes les chances de votre c\u00f4t\u00e9 en optant pour une d\u00e9fense s&#8217;appuyant sur la ma\u00eetrise des logiques sp\u00e9cifiques de ces Commissions administratives.\u00a0<\/p>\n<p><strong>Tarification \u00e0 l\u2019heure ( 450 euros H.T. de l\u2019heure) et\/ou au forfait selon le dossier.\u00a0<\/strong><\/p>\n<p>D\u00e9fendez-vous, <a href=\"https:\/\/clementavocats.com\/index.php\/contactez-nous-lab-ft\/\">contactez-nous<\/a>.\u00a0<\/p>\n\n\n<p><\/p>\n","protected":false},"excerpt":{"rendered":"<p>Votre entreprise a fait l&#8217;objet d&#8217;un contr\u00f4le sur le respect de la r\u00e8glementation LCB-FT, qui a entrain\u00e9 la notification de griefs, cela indique l&#8217;ouverture d&#8217;une proc\u00e9dure de sanction, durant laquelle \u00a0il est essentiel de faire valoir ses arguments.\u00a0 Mettez toutes les chances de votre c\u00f4t\u00e9 en optant pour une d\u00e9fense s&#8217;appuyant sur la ma\u00eetrise des &hellip; <a href=\"https:\/\/clementavocats.com\/index.php\/nos-prestations\/votre-defense-penale-et-administrative-lab-ft\/\" class=\"more-link\">Continuer la lecture<span class=\"screen-reader-text\"> de &laquo;&nbsp;Votre d\u00e9fense devant les Commissions de sanctions BC-FT&nbsp;&raquo;<\/span><\/a><\/p>\n","protected":false},"author":1,"featured_media":0,"parent":760,"menu_order":1,"comment_status":"closed","ping_status":"closed","template":"","meta":{"_mi_skip_tracking":false,"footnotes":""},"_links":{"self":[{"href":"https:\/\/clementavocats.com\/index.php\/wp-json\/wp\/v2\/pages\/581"}],"collection":[{"href":"https:\/\/clementavocats.com\/index.php\/wp-json\/wp\/v2\/pages"}],"about":[{"href":"https:\/\/clementavocats.com\/index.php\/wp-json\/wp\/v2\/types\/page"}],"author":[{"embeddable":true,"href":"https:\/\/clementavocats.com\/index.php\/wp-json\/wp\/v2\/users\/1"}],"replies":[{"embeddable":true,"href":"https:\/\/clementavocats.com\/index.php\/wp-json\/wp\/v2\/comments?post=581"}],"version-history":[{"count":21,"href":"https:\/\/clementavocats.com\/index.php\/wp-json\/wp\/v2\/pages\/581\/revisions"}],"predecessor-version":[{"id":1090,"href":"https:\/\/clementavocats.com\/index.php\/wp-json\/wp\/v2\/pages\/581\/revisions\/1090"}],"up":[{"embeddable":true,"href":"https:\/\/clementavocats.com\/index.php\/wp-json\/wp\/v2\/pages\/760"}],"wp:attachment":[{"href":"https:\/\/clementavocats.com\/index.php\/wp-json\/wp\/v2\/media?parent=581"}],"curies":[{"name":"wp","href":"https:\/\/api.w.org\/{rel}","templated":true}]}}