{"id":760,"date":"2018-05-14T12:57:33","date_gmt":"2018-05-14T10:57:33","guid":{"rendered":"http:\/\/clementavocats.com\/?page_id=760"},"modified":"2025-01-16T15:18:36","modified_gmt":"2025-01-16T14:18:36","slug":"nos-prestations","status":"publish","type":"page","link":"https:\/\/clementavocats.com\/index.php\/nos-prestations\/","title":{"rendered":"NOS PRESTATIONS LCB-FT"},"content":{"rendered":"<p>Notre cabinet propose un accompagnement complet sur les enjeux que posent la r\u00e8glementation LCB-FT sur l&#8217;activit\u00e9 des entreprises.<\/p>\n<h2>CONSEIL<\/h2>\n<p>Accompagnement sur les sujets de cartographie des risques BC-T, les proc\u00e9dures internes et consultation sur toutes questions de LCB-FT.<\/p>\n<h2>CONTENTIEUX<\/h2>\n<p>D\u00e9fense du contr\u00f4le \u00e0 l&#8217;annulation des sanctions devant les juridictions administratives.<\/p>\n<h2>FORMATION<\/h2>\n<p>Elaboration &amp; dispense de formation LCB-FT individualis\u00e9e<\/p>\n<p><a href=\"https:\/\/clementavocats.com\/index.php\/contactez-nous-lab-ft\/\">Contactez-nous<\/a><\/p>\n","protected":false},"excerpt":{"rendered":"<p>Notre cabinet propose un accompagnement complet sur les enjeux que posent la r\u00e8glementation LCB-FT sur l&#8217;activit\u00e9 des entreprises. CONSEIL Accompagnement sur les sujets de cartographie des risques BC-T, les proc\u00e9dures internes et consultation sur toutes questions de LCB-FT. CONTENTIEUX D\u00e9fense du contr\u00f4le \u00e0 l&#8217;annulation des sanctions devant les juridictions administratives. FORMATION Elaboration &amp; dispense de &hellip; <a href=\"https:\/\/clementavocats.com\/index.php\/nos-prestations\/\" class=\"more-link\">Continuer la lecture<span class=\"screen-reader-text\"> de &laquo;&nbsp;NOS PRESTATIONS LCB-FT&nbsp;&raquo;<\/span><\/a><\/p>\n","protected":false},"author":1,"featured_media":0,"parent":0,"menu_order":2,"comment_status":"closed","ping_status":"closed","template":"","meta":{"_mi_skip_tracking":false,"footnotes":""},"_links":{"self":[{"href":"https:\/\/clementavocats.com\/index.php\/wp-json\/wp\/v2\/pages\/760"}],"collection":[{"href":"https:\/\/clementavocats.com\/index.php\/wp-json\/wp\/v2\/pages"}],"about":[{"href":"https:\/\/clementavocats.com\/index.php\/wp-json\/wp\/v2\/types\/page"}],"author":[{"embeddable":true,"href":"https:\/\/clementavocats.com\/index.php\/wp-json\/wp\/v2\/users\/1"}],"replies":[{"embeddable":true,"href":"https:\/\/clementavocats.com\/index.php\/wp-json\/wp\/v2\/comments?post=760"}],"version-history":[{"count":20,"href":"https:\/\/clementavocats.com\/index.php\/wp-json\/wp\/v2\/pages\/760\/revisions"}],"predecessor-version":[{"id":1121,"href":"https:\/\/clementavocats.com\/index.php\/wp-json\/wp\/v2\/pages\/760\/revisions\/1121"}],"wp:attachment":[{"href":"https:\/\/clementavocats.com\/index.php\/wp-json\/wp\/v2\/media?parent=760"}],"curies":[{"name":"wp","href":"https:\/\/api.w.org\/{rel}","templated":true}]}}