{"id":816,"date":"2018-08-02T11:59:40","date_gmt":"2018-08-02T09:59:40","guid":{"rendered":"http:\/\/clementavocats.com\/?page_id=816"},"modified":"2025-01-14T15:27:58","modified_gmt":"2025-01-14T14:27:58","slug":"votre-formation-anti-blanchiment","status":"publish","type":"page","link":"https:\/\/clementavocats.com\/index.php\/votre-formation-anti-blanchiment\/","title":{"rendered":"Formation et sensibilisation aux exigences LCB-FT"},"content":{"rendered":"<h5><\/h5>\n<p style=\"text-align: center;\"><strong>La formation et la sensibilisation des collaborateurs aux exigences LCB-FT est une obligation du code mon\u00e9taire et financier<\/strong><\/p>\n<p>L&#8217;<strong>article L561-34<\/strong> du Code mon\u00e9taire et financier exige des professions assujetties :<\/p>\n<p>&#8220;<em>En vue d&#8217;assurer le respect des obligations pr\u00e9vues aux chapitres Ier et II du pr\u00e9sent titre, les personnes mentionn\u00e9es \u00e0 l&#8217;article L. 561-2 assurent l&#8217;information r\u00e9guli\u00e8re de leurs personnels. Dans le m\u00eame but, elles mettent en place toute action de formation utile<\/em>.&#8221;<\/p>\n<p style=\"text-align: center;\"><strong>Toute la LCB-FT, rien que la LCB-FT<\/strong><\/p>\n<p>Au quotidien, entre la &#8220;sur&#8221; et la &#8220;sous&#8221; r\u00e9action face aux risques de BC-FT, il n&#8217;est pas toujours ais\u00e9 d&#8217;appr\u00e9hender cette notion et d&#8217;y apporter une r\u00e9ponse objective. Le principe m\u00eame de la conformit\u00e9 est la gestion du risque, alors m\u00eame que la transformation automatique en soup\u00e7on ou infraction p\u00e9nale.<\/p>\n<p>Au cabinet, nous savons que la ma\u00eetrise du cadre juridique de la LCB-FT est l&#8217;une des solutions pour prendre les meilleures d\u00e9cisions op\u00e9rationnelles et pouvoir communiquer sur leur bien fond\u00e9 en interne.<\/p>\n<p style=\"text-align: justify;\">C&#8217;est pourquoi, nous \u00e9laborons pour nos clients des programmes de formation sur mesure en prenant en compte, les enjeux des collaborateurs \u00e0 former &#8211; analyste KYC, Responsable KYC, Top management -en respectant les points sp\u00e9cifiques de leur secteur d&#8217;activit\u00e9 et en int\u00e9grant les exigences sp\u00e9cifiques de chaque r\u00e9gulateur.<\/p>\n<p class=\"p1\">\n<p><em><strong>Elaboration de programmes de formation LCB-FT personnalis\u00e9s<\/strong><\/em><\/p>\n<p>Conception de programmes de formation adapt\u00e9s aux diff\u00e9rents niveaux de votre entreprise (direction, cadres, employ\u00e9s).<\/p>\n<p>Modules de formation sur la r\u00e9glementation LCB-FT, les m\u00e9thodes de d\u00e9tection des activit\u00e9s suspectes, et les meilleures pratiques de conformit\u00e9.<\/p>\n<p><em><strong>Ateliers pratiques et simulations<\/strong>\u00a0<\/em><\/p>\n<p>Organisation d\u2019ateliers interactifs et de jeux de r\u00f4le pour mettre en pratique les proc\u00e9dures de d\u00e9tection et de reporting.<\/p>\n<p>Sessions de sensibilisation aux risques sp\u00e9cifiques li\u00e9s \u00e0 votre secteur d\u2019activit\u00e9.<\/p>\n<p><em><strong>Suivi et \u00e9valuation<\/strong><\/em><\/p>\n<p>\u00c9valuation des connaissances acquises par vos \u00e9quipes gr\u00e2ce \u00e0 des tests et des \u00e9valuations continues.<\/p>\n<p>Mise en place de sessions de mise \u00e0 jour r\u00e9guli\u00e8res pour maintenir le niveau de comp\u00e9tence et de vigilance.<\/p>\n<p><em><strong>Bon \u00e0 savoir<\/strong><\/em> : Le Cabinet collabore avec LAMY formation et a ainsi form\u00e9 les collaborateurs de plus d&#8217;une centaine d&#8217;entreprise tous secteurs tels que la banque, banque priv\u00e9e, assurance, recouvrement, crypto actif, immobilier, avocats.<\/p>\n<p><strong>Contactez nous d\u00e8s aujourd&#8217;hui pour pr\u00e9voir une session de formation LCB-FT personnalis\u00e9e <\/strong><strong>s.clement@clementavocats.com\u00a0<\/strong><\/p>\n","protected":false},"excerpt":{"rendered":"<p>La formation et la sensibilisation des collaborateurs aux exigences LCB-FT est une obligation du code mon\u00e9taire et financier L&#8217;article L561-34 du Code mon\u00e9taire et financier exige des professions assujetties : &#8220;En vue d&#8217;assurer le respect des obligations pr\u00e9vues aux chapitres Ier et II du pr\u00e9sent titre, les personnes mentionn\u00e9es \u00e0 l&#8217;article L. 561-2 assurent l&#8217;information &hellip; <a href=\"https:\/\/clementavocats.com\/index.php\/votre-formation-anti-blanchiment\/\" class=\"more-link\">Continuer la lecture<span class=\"screen-reader-text\"> de &laquo;&nbsp;Formation et sensibilisation aux exigences LCB-FT&nbsp;&raquo;<\/span><\/a><\/p>\n","protected":false},"author":1,"featured_media":0,"parent":0,"menu_order":0,"comment_status":"closed","ping_status":"closed","template":"","meta":{"_mi_skip_tracking":false,"footnotes":""},"_links":{"self":[{"href":"https:\/\/clementavocats.com\/index.php\/wp-json\/wp\/v2\/pages\/816"}],"collection":[{"href":"https:\/\/clementavocats.com\/index.php\/wp-json\/wp\/v2\/pages"}],"about":[{"href":"https:\/\/clementavocats.com\/index.php\/wp-json\/wp\/v2\/types\/page"}],"author":[{"embeddable":true,"href":"https:\/\/clementavocats.com\/index.php\/wp-json\/wp\/v2\/users\/1"}],"replies":[{"embeddable":true,"href":"https:\/\/clementavocats.com\/index.php\/wp-json\/wp\/v2\/comments?post=816"}],"version-history":[{"count":21,"href":"https:\/\/clementavocats.com\/index.php\/wp-json\/wp\/v2\/pages\/816\/revisions"}],"predecessor-version":[{"id":1056,"href":"https:\/\/clementavocats.com\/index.php\/wp-json\/wp\/v2\/pages\/816\/revisions\/1056"}],"wp:attachment":[{"href":"https:\/\/clementavocats.com\/index.php\/wp-json\/wp\/v2\/media?parent=816"}],"curies":[{"name":"wp","href":"https:\/\/api.w.org\/{rel}","templated":true}]}}