{"id":820,"date":"2018-08-02T12:11:46","date_gmt":"2018-08-02T10:11:46","guid":{"rendered":"http:\/\/clementavocats.com\/?page_id=820"},"modified":"2025-01-16T13:16:37","modified_gmt":"2025-01-16T12:16:37","slug":"cartographie-des-risques","status":"publish","type":"page","link":"https:\/\/clementavocats.com\/index.php\/cartographie-des-risques\/","title":{"rendered":""},"content":{"rendered":"<h2 style=\"text-align: center;\"><strong>VOTRE OBLIGATION<\/strong><\/h2>\n<p style=\"text-align: center;\"><strong>La r\u00e9alisation d&#8217;une cartographie des risques BC-FT et le d\u00e9veloppement de proc\u00e9dures internes les rem\u00e9diant est une obligation de la r\u00e8glementation LCB-FT<\/strong><\/p>\n<p>L&#8217;article L561-4-1 du Code mon\u00e9taire et financier exige que :<\/p>\n<p>&#8221; <em>Les personnes mentionn\u00e9es \u00e0 l&#8217;article L. 561-2 appliquent les mesures de vigilance destin\u00e9es \u00e0 mettre en \u0153uvre les obligations qu&#8217;elles tiennent du pr\u00e9sent chapitre en fonction de l&#8217;\u00e9valuation des risques pr\u00e9sent\u00e9s par leurs activit\u00e9s en mati\u00e8re de blanchiment de capitaux et de financement du terrorisme.<\/em><\/p>\n<p><em>A cette fin, elles d\u00e9finissent et mettent en place des dispositifs d&#8217;identification et d&#8217;\u00e9valuation des risques de blanchiment des capitaux et de financement du terrorisme auxquels elles sont expos\u00e9es ainsi qu&#8217;une politique adapt\u00e9e \u00e0 ces risques. Elles \u00e9laborent en particulier une classification des risques en question en fonction de la nature des produits ou services offerts, des conditions de transaction propos\u00e9es, des canaux de distribution utilis\u00e9s, des caract\u00e9ristiques des clients, ainsi que du pays ou du territoire d&#8217;origine ou de destination des fonds<\/em>.&#8221;<\/p>\n<h2 style=\"text-align: center;\"><strong>NOTRE SOLUTION<\/strong><\/h2>\n<p>Nous proposons un accompagnement complet pour r\u00e9aliser ou revoir la cartographie des risques de nos clients selon l&#8217;approche suivante :<\/p>\n<p class=\"p5\">1. <b>Analyse pr\u00e9liminaire<\/b><\/p>\n<p class=\"p6\">Nous recueillons les informations sur votre organisation, vos produits\/services, votre client\u00e8le et vos zones g\u00e9ographiques d\u2019activit\u00e9.<\/p>\n<p class=\"p6\">Nous examinons les proc\u00e9dures existantes : politiques internes, process de vigilance, dispositifs de contr\u00f4le.<\/p>\n<p class=\"p5\">2. <b>Ateliers de travail et interviews<\/b><\/p>\n<p class=\"p6\">Nous organisons des <b>sessions d\u2019\u00e9change<\/b> avec les fonctions clefs afin de comprendre vos flux op\u00e9rationnels et vos potentiels points sensibles.<\/p>\n<p class=\"p6\">Nous identification les facteurs de risque\u202f: client\u00e8le, canaux de distribution, partenaires, transactions inhabituelles, etc.<\/p>\n<p class=\"p6\"><strong>3. Elaboration de la classification et restitution<\/strong><\/p>\n<p>Une fois votre cartographie des risques r\u00e9alis\u00e9e, nous la pr\u00e9sentons et la transmettons au cours d&#8217;un \u00e9change.<\/p>\n<p><a href=\"https:\/\/clementavocats.com\/index.php\/contactez-nous-lab-ft\/\" data-wplink-edit=\"true\">Lancer l&#8217;\u00e9laboration ou l&#8217;actualisation de votre cartographie des risques BC-FT d\u00e8s maintenant<\/a><\/p>\n","protected":false},"excerpt":{"rendered":"<p>VOTRE OBLIGATION La r\u00e9alisation d&#8217;une cartographie des risques BC-FT et le d\u00e9veloppement de proc\u00e9dures internes les rem\u00e9diant est une obligation de la r\u00e8glementation LCB-FT L&#8217;article L561-4-1 du Code mon\u00e9taire et financier exige que : &#8221; Les personnes mentionn\u00e9es \u00e0 l&#8217;article L. 561-2 appliquent les mesures de vigilance destin\u00e9es \u00e0 mettre en \u0153uvre les obligations qu&#8217;elles &hellip; <a href=\"https:\/\/clementavocats.com\/index.php\/cartographie-des-risques\/\" class=\"more-link\">Continuer la lecture<span class=\"screen-reader-text\"> de &laquo;&nbsp;&nbsp;&raquo;<\/span><\/a><\/p>\n","protected":false},"author":1,"featured_media":0,"parent":0,"menu_order":0,"comment_status":"closed","ping_status":"closed","template":"","meta":{"_mi_skip_tracking":false,"footnotes":""},"_links":{"self":[{"href":"https:\/\/clementavocats.com\/index.php\/wp-json\/wp\/v2\/pages\/820"}],"collection":[{"href":"https:\/\/clementavocats.com\/index.php\/wp-json\/wp\/v2\/pages"}],"about":[{"href":"https:\/\/clementavocats.com\/index.php\/wp-json\/wp\/v2\/types\/page"}],"author":[{"embeddable":true,"href":"https:\/\/clementavocats.com\/index.php\/wp-json\/wp\/v2\/users\/1"}],"replies":[{"embeddable":true,"href":"https:\/\/clementavocats.com\/index.php\/wp-json\/wp\/v2\/comments?post=820"}],"version-history":[{"count":16,"href":"https:\/\/clementavocats.com\/index.php\/wp-json\/wp\/v2\/pages\/820\/revisions"}],"predecessor-version":[{"id":1074,"href":"https:\/\/clementavocats.com\/index.php\/wp-json\/wp\/v2\/pages\/820\/revisions\/1074"}],"wp:attachment":[{"href":"https:\/\/clementavocats.com\/index.php\/wp-json\/wp\/v2\/media?parent=820"}],"curies":[{"name":"wp","href":"https:\/\/api.w.org\/{rel}","templated":true}]}}