{"id":823,"date":"2018-08-02T12:28:55","date_gmt":"2018-08-02T10:28:55","guid":{"rendered":"http:\/\/clementavocats.com\/?page_id=823"},"modified":"2020-01-22T16:09:57","modified_gmt":"2020-01-22T15:09:57","slug":"elaboration-de-vos-procedures-lab-ft","status":"publish","type":"page","link":"https:\/\/clementavocats.com\/index.php\/elaboration-de-vos-procedures-lab-ft\/","title":{"rendered":"Vos proc\u00e9dures LAB-FT"},"content":{"rendered":"<p>Nous \u00e9laborons vos proc\u00e9dures LAB-FT conform\u00e9ment au Code mon\u00e9taire et financier :<\/p>\n<ul>\n<li>Proc\u00e9dure Entr\u00e9e en relation d&#8217;affaire<\/li>\n<li>Proc\u00e9dure Gestion du KYC<\/li>\n<li>Proc\u00e9dure Vigilance compl\u00e9mentaire<\/li>\n<li>Proc\u00e9dure Examen renforc\u00e9<\/li>\n<li>Proc\u00e9dure Renforcement de l&#8217;intensit\u00e9 des mesures de vigilance<\/li>\n<li>Proc\u00e9dure D\u00e9claration de soup\u00e7on<\/li>\n<li>Proc\u00e9dure Sortie de relation d&#8217;affaire<\/li>\n<\/ul>\n<p><strong>\u25b8 1 proc\u00e9dure : \u00e0 partir de 300 euros H.T.<\/strong><\/p>\n<p><strong>\u25b84 proc\u00e9dures : \u00e0 partir de 1000 euros H.T.<\/strong><\/p>\n<p><strong>\u25b87 proc\u00e9dures : \u00e0 partir de 2000 euros H.T.<\/strong><\/p>\n<p><span style=\"text-decoration: underline;\">BON A SAVOIR \u00a0<\/span>: ces 7 proc\u00e9dures sont inclues dans le &#8220;<a href=\"http:\/\/clementavocats.com\/index.php\/pack-conformite-lab-ft-clefs-en-main\/\">Pack Conformit\u00e9 clefs en main&#8221;<\/a><\/p>\n","protected":false},"excerpt":{"rendered":"<p>Nous \u00e9laborons vos proc\u00e9dures LAB-FT conform\u00e9ment au Code mon\u00e9taire et financier : Proc\u00e9dure Entr\u00e9e en relation d&#8217;affaire Proc\u00e9dure Gestion du KYC Proc\u00e9dure Vigilance compl\u00e9mentaire Proc\u00e9dure Examen renforc\u00e9 Proc\u00e9dure Renforcement de l&#8217;intensit\u00e9 des mesures de vigilance Proc\u00e9dure D\u00e9claration de soup\u00e7on Proc\u00e9dure Sortie de relation d&#8217;affaire \u25b8 1 proc\u00e9dure : \u00e0 partir de 300 euros H.T. \u25b84 &hellip; <a href=\"https:\/\/clementavocats.com\/index.php\/elaboration-de-vos-procedures-lab-ft\/\" class=\"more-link\">Continuer la lecture<span class=\"screen-reader-text\"> de &laquo;&nbsp;Vos proc\u00e9dures LAB-FT&nbsp;&raquo;<\/span><\/a><\/p>\n","protected":false},"author":1,"featured_media":0,"parent":0,"menu_order":0,"comment_status":"closed","ping_status":"closed","template":"","meta":{"_mi_skip_tracking":false,"footnotes":""},"_links":{"self":[{"href":"https:\/\/clementavocats.com\/index.php\/wp-json\/wp\/v2\/pages\/823"}],"collection":[{"href":"https:\/\/clementavocats.com\/index.php\/wp-json\/wp\/v2\/pages"}],"about":[{"href":"https:\/\/clementavocats.com\/index.php\/wp-json\/wp\/v2\/types\/page"}],"author":[{"embeddable":true,"href":"https:\/\/clementavocats.com\/index.php\/wp-json\/wp\/v2\/users\/1"}],"replies":[{"embeddable":true,"href":"https:\/\/clementavocats.com\/index.php\/wp-json\/wp\/v2\/comments?post=823"}],"version-history":[{"count":5,"href":"https:\/\/clementavocats.com\/index.php\/wp-json\/wp\/v2\/pages\/823\/revisions"}],"predecessor-version":[{"id":875,"href":"https:\/\/clementavocats.com\/index.php\/wp-json\/wp\/v2\/pages\/823\/revisions\/875"}],"wp:attachment":[{"href":"https:\/\/clementavocats.com\/index.php\/wp-json\/wp\/v2\/media?parent=823"}],"curies":[{"name":"wp","href":"https:\/\/api.w.org\/{rel}","templated":true}]}}