{"id":827,"date":"2018-08-02T12:43:41","date_gmt":"2018-08-02T10:43:41","guid":{"rendered":"http:\/\/clementavocats.com\/?page_id=827"},"modified":"2018-08-02T12:49:06","modified_gmt":"2018-08-02T10:49:06","slug":"audit-lab-ft","status":"publish","type":"page","link":"https:\/\/clementavocats.com\/index.php\/audit-lab-ft\/","title":{"rendered":"Votre Audit LAB-FT"},"content":{"rendered":"<p>Nous effectuons l&#8217;audit de vos mesures anti blanchiment :<\/p>\n<ul>\n<li>Analyse op\u00e9rationnelle de vos dossiers<\/li>\n<li>Analyse de vos d\u00e9lais de gestion<\/li>\n<li>Analyse de votre structure anti blanchiment<\/li>\n<li>R\u00e9daction d&#8217;un rapport d&#8217;audit avec recommandations<\/li>\n<\/ul>\n<p>\u25b8 <strong>A partir de 3500 euros H.T.<\/strong><\/p>\n<p>&nbsp;<\/p>\n","protected":false},"excerpt":{"rendered":"<p>Nous effectuons l&#8217;audit de vos mesures anti blanchiment : Analyse op\u00e9rationnelle de vos dossiers Analyse de vos d\u00e9lais de gestion Analyse de votre structure anti blanchiment R\u00e9daction d&#8217;un rapport d&#8217;audit avec recommandations \u25b8 A partir de 3500 euros H.T. &nbsp;<\/p>\n","protected":false},"author":1,"featured_media":0,"parent":0,"menu_order":0,"comment_status":"closed","ping_status":"closed","template":"","meta":{"_mi_skip_tracking":false,"footnotes":""},"_links":{"self":[{"href":"https:\/\/clementavocats.com\/index.php\/wp-json\/wp\/v2\/pages\/827"}],"collection":[{"href":"https:\/\/clementavocats.com\/index.php\/wp-json\/wp\/v2\/pages"}],"about":[{"href":"https:\/\/clementavocats.com\/index.php\/wp-json\/wp\/v2\/types\/page"}],"author":[{"embeddable":true,"href":"https:\/\/clementavocats.com\/index.php\/wp-json\/wp\/v2\/users\/1"}],"replies":[{"embeddable":true,"href":"https:\/\/clementavocats.com\/index.php\/wp-json\/wp\/v2\/comments?post=827"}],"version-history":[{"count":2,"href":"https:\/\/clementavocats.com\/index.php\/wp-json\/wp\/v2\/pages\/827\/revisions"}],"predecessor-version":[{"id":836,"href":"https:\/\/clementavocats.com\/index.php\/wp-json\/wp\/v2\/pages\/827\/revisions\/836"}],"wp:attachment":[{"href":"https:\/\/clementavocats.com\/index.php\/wp-json\/wp\/v2\/media?parent=827"}],"curies":[{"name":"wp","href":"https:\/\/api.w.org\/{rel}","templated":true}]}}