{"id":9,"date":"2017-02-02T16:35:42","date_gmt":"2017-02-02T15:35:42","guid":{"rendered":"http:\/\/clementavocats.com\/?page_id=9"},"modified":"2025-09-11T15:34:35","modified_gmt":"2025-09-11T13:34:35","slug":"accueil","status":"publish","type":"page","link":"https:\/\/clementavocats.com\/","title":{"rendered":"Cabinet ind\u00e9pendant \u00e0 360\u00b0 sur la LCB-FT"},"content":{"rendered":"<figure style=\"text-align: justify;\"><\/figure>\n<figure style=\"text-align: justify;\"><\/figure>\n<figure style=\"text-align: justify;\"><\/figure>\n<figure style=\"text-align: justify;\"><\/figure>\n<h3 style=\"text-align: justify;\">La vision de la LCB-FT du Cabinet CLEMENT Avocats<\/h3>\n<p class=\"p1\">La LCB-FT est une mati\u00e8re qui \u00a0fixe des objectifs et les grandes lignes pour y arriver mais laisse sa d\u00e9clinaison concr\u00e8te du ressort de chaque entreprise et proc\u00e8de au contr\u00f4le de cette d\u00e9clinaison a post\u00e9riori.<\/p>\n<p>Choisir un Conseil en LCB-FT, c&#8217;est donc choisir une vision, une compr\u00e9hension et un alli\u00e9.<\/p>\n<p>Le Cabinet propose une gamme de service LCB-FT\u00a0structur\u00e9e autour du conseil, du contentieux et de la formation.<\/p>\n<p>Contactez-nous pour pr\u00e9voir un \u00e9change sur votre vision et la n\u00f4tre ou prenez-vous rendez-vous en un clic <a href=\"https:\/\/outlook.office.com\/book\/CLEMENTAvocats1@clementavocats.com\/?ismsaljsauthenabled\">ici<\/a>.<\/p>\n<p style=\"text-align: justify;\">\n","protected":false},"excerpt":{"rendered":"<p>La vision de la LCB-FT du Cabinet CLEMENT Avocats La LCB-FT est une mati\u00e8re qui \u00a0fixe des objectifs et les grandes lignes pour y arriver mais laisse sa d\u00e9clinaison concr\u00e8te du ressort de chaque entreprise et proc\u00e8de au contr\u00f4le de cette d\u00e9clinaison a post\u00e9riori. Choisir un Conseil en LCB-FT, c&#8217;est donc choisir une vision, une &hellip; <a href=\"https:\/\/clementavocats.com\/\" class=\"more-link\">Continuer la lecture<span class=\"screen-reader-text\"> de &laquo;&nbsp;Cabinet ind\u00e9pendant \u00e0 360\u00b0 sur la LCB-FT&nbsp;&raquo;<\/span><\/a><\/p>\n","protected":false},"author":1,"featured_media":0,"parent":0,"menu_order":0,"comment_status":"closed","ping_status":"closed","template":"","meta":{"_mi_skip_tracking":false,"footnotes":""},"_links":{"self":[{"href":"https:\/\/clementavocats.com\/index.php\/wp-json\/wp\/v2\/pages\/9"}],"collection":[{"href":"https:\/\/clementavocats.com\/index.php\/wp-json\/wp\/v2\/pages"}],"about":[{"href":"https:\/\/clementavocats.com\/index.php\/wp-json\/wp\/v2\/types\/page"}],"author":[{"embeddable":true,"href":"https:\/\/clementavocats.com\/index.php\/wp-json\/wp\/v2\/users\/1"}],"replies":[{"embeddable":true,"href":"https:\/\/clementavocats.com\/index.php\/wp-json\/wp\/v2\/comments?post=9"}],"version-history":[{"count":162,"href":"https:\/\/clementavocats.com\/index.php\/wp-json\/wp\/v2\/pages\/9\/revisions"}],"predecessor-version":[{"id":1127,"href":"https:\/\/clementavocats.com\/index.php\/wp-json\/wp\/v2\/pages\/9\/revisions\/1127"}],"wp:attachment":[{"href":"https:\/\/clementavocats.com\/index.php\/wp-json\/wp\/v2\/media?parent=9"}],"curies":[{"name":"wp","href":"https:\/\/api.w.org\/{rel}","templated":true}]}}